

{"id":8506,"date":"2021-10-28T10:58:04","date_gmt":"2021-10-28T08:58:04","guid":{"rendered":"https:\/\/zenshin.aarbeta.ch\/index.php\/impressum\/"},"modified":"2021-10-31T22:41:15","modified_gmt":"2021-10-31T20:41:15","slug":"impressum","status":"publish","type":"page","link":"https:\/\/zenshin.ch\/fr\/impressum\/","title":{"rendered":"Mentions l\u00e9gales"},"content":{"rendered":"<section class=\"wpb-content-wrapper\"><p>[vc_row][vc_column]\n\t\t\t<!-- START Impressum REVOLUTION SLIDER 6.6.13 --><p class=\"rs-p-wp-fix\"><\/p>\n\t\t\t<rs-module-wrap id=\"rev_slider_37_1_wrapper\" data-source=\"gallery\" style=\"visibility:hidden;background:transparent;padding:0;margin:0px auto;margin-top:0;margin-bottom:0;\">\n\t\t\t\t<rs-module id=\"rev_slider_37_1\" style=\"\" data-version=\"6.6.13\">\n\t\t\t\t\t<rs-slides style=\"overflow: hidden; position: absolute;\">\n\t\t\t\t\t\t<rs-slide style=\"position: absolute;\" data-key=\"rs-352\" data-title=\"Slide\" data-anim=\"adpr:false;\" data-in=\"o:0;\" data-out=\"a:false;\">\n\t\t\t\t\t\t\t<img decoding=\"async\" src=\"\/\/zenshin.ch\/wp-content\/plugins\/revslider\/public\/assets\/assets\/dummy.png\" alt=\"\" title=\"Zen-Shin, Kampfsportschule, Biel, Bienne, Dominique Sigillo\" width=\"2000\" height=\"1333\" class=\"rev-slidebg tp-rs-img rs-lazyload\" data-lazyload=\"\/\/zenshin.ch\/wp-content\/uploads\/2021\/10\/ZEN_SHIN_Zentrum_fuer_Kampfkunst_und_Gesundheit_3921.jpg\" data-bg=\"p:center bottom;\" data-no-retina>\n<!---->\t\t\t\t\t\t<\/rs-slide>\n\t\t\t\t\t<\/rs-slides>\n\t\t\t\t\t<rs-static-layers><!--\n\t\t\t\t\t--><\/rs-static-layers>\n\t\t\t\t<\/rs-module>\n\t\t\t\t<script>\n\t\t\t\t\tsetREVStartSize({c: 'rev_slider_37_1',rl:[1240,1240,1240,480],el:[837,837,837,750],gw:[1920,1920,1920,1000],gh:[837,837,837,750],type:'standard',justify:'',layout:'fullwidth',mh:\"0\"});if (window.RS_MODULES!==undefined && window.RS_MODULES.modules!==undefined && window.RS_MODULES.modules[\"revslider371\"]!==undefined) {window.RS_MODULES.modules[\"revslider371\"].once = false;window.revapi37 = undefined;if (window.RS_MODULES.checkMinimal!==undefined) window.RS_MODULES.checkMinimal()}\n\t\t\t\t<\/script>\n\t\t\t<\/rs-module-wrap>\n\t\t\t<!-- END REVOLUTION SLIDER -->\n[\/vc_column][\/vc_row][vc_row css=&#8221;.vc_custom_1635411734237{margin-top: 30px !important;margin-bottom: 30px !important;}&#8221;][vc_column][vc_column_text]<\/p>\n<h4>imprimer<\/h4>\n<p><strong>Adresse de contact<\/strong><\/p>\n<p>ZEN SHIN DS102 Dominik Sigill\u00f2<br \/>\nDominik Sigill\u00f2<br \/>\nDufourstrasse 102a<br \/>\n2502 Biel\/Bienne<br \/>\nSchweiz<\/p>\n<p>E-Mail:<br \/>\noffice.zenshin@gmail.com<\/p>\n<p>&nbsp;<\/p>\n<p><strong>Repr\u00e9sentant(s) autoris\u00e9(s)<\/strong><\/p>\n<p>Dominik Sigill\u00f2, Directeur g\u00e9n\u00e9ral<\/p>\n<p><strong>Inscription au registre du commerce<\/strong><\/p>\n<p>Nom de l&#8217;entreprise enregistr\u00e9e:<br \/>\n<strong>ZEN SHIN DS102 Dominik Sigill\u00f2<\/strong><\/p>\n<p>Num\u00e9ro d&#8217;entreprise (UID):<br \/>\n<strong>CHE-107.175.747<\/strong><\/p>\n<p>Num\u00e9ro de TVA<br \/>\n<strong>CHE-107.175.747 MWST<\/strong><\/p>\n<p><strong>Clause de non-responsabilit\u00e9<\/strong><\/p>\n<p>L&#8217;auteur d\u00e9cline toute responsabilit\u00e9 quant \u00e0 l&#8217;exactitude, l&#8217;exactitude, l&#8217;actualit\u00e9, la fiabilit\u00e9 et l&#8217;exhaustivit\u00e9 des informations.<\/p>\n<p>Les r\u00e9clamations en responsabilit\u00e9 contre l&#8217;auteur pour des dommages mat\u00e9riels ou immat\u00e9riels r\u00e9sultant de l&#8217;acc\u00e8s, de l&#8217;utilisation ou de la non-utilisation des informations publi\u00e9es, d&#8217;une mauvaise utilisation de la connexion ou de dysfonctionnements techniques sont exclues.<\/p>\n<p>Toutes les offres sont sans engagement. L&#8217;auteur se r\u00e9serve express\u00e9ment le droit de modifier, compl\u00e9ter ou supprimer des parties des pages ou l&#8217;ensemble de l&#8217;offre ou de cesser temporairement ou d\u00e9finitivement la publication sans pr\u00e9avis.<\/p>\n<p>&nbsp;<\/p>\n<p><strong>Avis de non-responsabilit\u00e9 pour les liens<\/strong><\/p>\n<p>Les r\u00e9f\u00e9rences et les liens vers des sites Web de tiers ne rel\u00e8vent pas de notre domaine de responsabilit\u00e9. Il a rejet\u00e9 toute responsabilit\u00e9 pour de tels sites Web. L&#8217;acc\u00e8s et l&#8217;utilisation de ces sites Web se font aux risques et p\u00e9rils de l&#8217;utilisateur.<\/p>\n<p>&nbsp;<\/p>\n<p><strong>Droits d&#8217;auteur<\/strong><\/p>\n<p>Les droits d&#8217;auteur et tous les autres droits sur le contenu, les images, les photos ou autres fichiers de ce site Web appartiennent exclusivement \u00e0 <strong>Dominik Sigill\u00f2<\/strong> ou aux titulaires de droits sp\u00e9cifiquement nomm\u00e9s. Le consentement \u00e9crit du titulaire des droits d&#8217;auteur doit \u00eatre obtenu au pr\u00e9alable pour la reproduction de tout \u00e9l\u00e9ment.<\/p>\n<p><!--ACHTUNG: Wenn Sie die Quelle ohne Erlaubnis von SwissAnwalt entfernen, dann begehen Sie eine Urheberrechtsverletzung welche in jedem Fall geahndet wird.-->Quelle: <a href=\"https:\/\/www.swissanwalt.ch\" target=\"_blank\" rel=\"noopener\">SwissAnwalt<\/a><!--Bitte beachten Sie die AGB von SwissAnwalt betreffend allf&auml;llig anfallenden Kosten bei Weglassen der Quelle!-->[\/vc_column_text][\/vc_column][\/vc_row][vc_row full_width=&#8221;stretch_row_content_no_spaces&#8221;][vc_column][vc_empty_space height=&#8221;5px&#8221; alter_height=&#8221;none&#8221; hide_on_mobile=&#8221;&#8221; css=&#8221;.vc_custom_1635411468055{background-color: #e5553f !important;}&#8221;][\/vc_column][\/vc_row]<\/p>\n<\/section>","protected":false},"excerpt":{"rendered":"<p>[vc_row][vc_column][\/vc_column][\/vc_row][vc_row css=&#8221;.vc_custom_1635411734237{margin-top: 30px !important;margin-bottom: 30px !important;}&#8221;][vc_column][vc_column_text] imprimer Adresse de contact ZEN SHIN DS102 Dominik Sigill\u00f2 Dominik Sigill\u00f2 Dufourstrasse 102a 2502 Biel\/Bienne Schweiz E-Mail: office.zenshin@gmail.com &nbsp; Repr\u00e9sentant(s) autoris\u00e9(s) Dominik Sigill\u00f2, Directeur g\u00e9n\u00e9ral Inscription au registre du commerce Nom de l&#8217;entreprise enregistr\u00e9e: ZEN SHIN DS102 Dominik Sigill\u00f2 Num\u00e9ro d&#8217;entreprise (UID): CHE-107.175.747 Num\u00e9ro de TVA CHE-107.175.747 MWST Clause de non-responsabilit\u00e9 L&#8217;auteur d\u00e9cline toute&hellip;<\/p>\n","protected":false},"author":1,"featured_media":0,"parent":0,"menu_order":0,"comment_status":"closed","ping_status":"closed","template":"","meta":{"footnotes":""},"class_list":["post-8506","page","type-page","status-publish","hentry"],"_links":{"self":[{"href":"https:\/\/zenshin.ch\/fr\/wp-json\/wp\/v2\/pages\/8506","targetHints":{"allow":["GET"]}}],"collection":[{"href":"https:\/\/zenshin.ch\/fr\/wp-json\/wp\/v2\/pages"}],"about":[{"href":"https:\/\/zenshin.ch\/fr\/wp-json\/wp\/v2\/types\/page"}],"author":[{"embeddable":true,"href":"https:\/\/zenshin.ch\/fr\/wp-json\/wp\/v2\/users\/1"}],"replies":[{"embeddable":true,"href":"https:\/\/zenshin.ch\/fr\/wp-json\/wp\/v2\/comments?post=8506"}],"version-history":[{"count":6,"href":"https:\/\/zenshin.ch\/fr\/wp-json\/wp\/v2\/pages\/8506\/revisions"}],"predecessor-version":[{"id":8878,"href":"https:\/\/zenshin.ch\/fr\/wp-json\/wp\/v2\/pages\/8506\/revisions\/8878"}],"wp:attachment":[{"href":"https:\/\/zenshin.ch\/fr\/wp-json\/wp\/v2\/media?parent=8506"}],"curies":[{"name":"wp","href":"https:\/\/api.w.org\/{rel}","templated":true}]}}