

{"id":8345,"date":"2021-10-30T21:51:03","date_gmt":"2021-10-30T19:51:03","guid":{"rendered":"https:\/\/zenshin.aarbeta.ch\/?page_id=8345"},"modified":"2022-04-01T13:05:37","modified_gmt":"2022-04-01T11:05:37","slug":"downloads","status":"publish","type":"page","link":"https:\/\/zenshin.ch\/fr\/downloads\/","title":{"rendered":"Downloads"},"content":{"rendered":"<section class=\"wpb-content-wrapper\"><p>[vc_row][vc_column]\n\t\t\t<!-- START ueberuns REVOLUTION SLIDER 6.6.13 --><p class=\"rs-p-wp-fix\"><\/p>\n\t\t\t<rs-module-wrap id=\"rev_slider_16_1_wrapper\" data-source=\"gallery\" style=\"visibility:hidden;background:transparent;padding:0;margin:0px auto;margin-top:0;margin-bottom:0;\">\n\t\t\t\t<rs-module id=\"rev_slider_16_1\" style=\"\" data-version=\"6.6.13\">\n\t\t\t\t\t<rs-slides style=\"overflow: hidden; position: absolute;\">\n\t\t\t\t\t\t<rs-slide style=\"position: absolute;\" data-key=\"rs-390\" data-title=\"Slide\" data-in=\"o:0;\" data-out=\"a:false;\">\n\t\t\t\t\t\t\t<img decoding=\"async\" src=\"\/\/zenshin.ch\/wp-content\/plugins\/revslider\/public\/assets\/assets\/dummy.png\" alt=\"Slide\" title=\"Downloads\" class=\"rev-slidebg tp-rs-img rs-lazyload\" data-lazyload=\"\/\/zenshin.ch\/wp-content\/plugins\/revslider\/public\/assets\/assets\/transparent.png\" data-no-retina>\n<!--\n\t\t\t\t\t\t\t--><rs-layer\n\t\t\t\t\t\t\t\tid=\"slider-16-slide-390-layer-0\" \n\t\t\t\t\t\t\t\tdata-type=\"image\"\n\t\t\t\t\t\t\t\tdata-rsp_ch=\"on\"\n\t\t\t\t\t\t\t\tdata-xy=\"xo:-166px,-88px,-85px,-85px;yo:-289px,-154px,-150px,-150px;\"\n\t\t\t\t\t\t\t\tdata-text=\"w:normal;s:20,10,9,9;l:0,13,12,12;\"\n\t\t\t\t\t\t\t\tdata-dim=\"w:2560px,1365px,1333px,1333px;h:1440px,768px,750px,750px;\"\n\t\t\t\t\t\t\t\tdata-frame_999=\"o:0;st:w;\"\n\t\t\t\t\t\t\t\tstyle=\"z-index:5;\"\n\t\t\t\t\t\t\t><img decoding=\"async\" src=\"\/\/zenshin.ch\/wp-content\/plugins\/revslider\/public\/assets\/assets\/dummy.png\" alt=\"\" class=\"tp-rs-img rs-lazyload\" width=\"2560\" height=\"1440\" data-lazyload=\"\/\/zenshin.ch\/wp-content\/uploads\/2024\/04\/DSC_1887-scaled.jpg\" data-no-retina> \n\t\t\t\t\t\t\t<\/rs-layer><!--\n-->\t\t\t\t\t\t<\/rs-slide>\n\t\t\t\t\t\t<rs-slide style=\"position: absolute;\" data-key=\"rs-377\" data-title=\"Slide\" data-in=\"o:1;x:100%;\" data-out=\"a:false;\">\n\t\t\t\t\t\t\t<img decoding=\"async\" src=\"\/\/zenshin.ch\/wp-content\/plugins\/revslider\/public\/assets\/assets\/dummy.png\" alt=\"\" title=\"Downloads\" class=\"rev-slidebg tp-rs-img rs-lazyload\" data-lazyload=\"\/\/zenshin.ch\/wp-content\/plugins\/revslider\/public\/assets\/assets\/transparent.png\" data-no-retina>\n<!--\n\t\t\t\t\t\t\t--><rs-layer\n\t\t\t\t\t\t\t\tid=\"slider-16-slide-377-layer-2\" \n\t\t\t\t\t\t\t\tdata-type=\"image\"\n\t\t\t\t\t\t\t\tdata-rsp_ch=\"on\"\n\t\t\t\t\t\t\t\tdata-xy=\"xo:-277px,-147px,-143px,-143px;yo:-329px,-175px,-170px,-170px;\"\n\t\t\t\t\t\t\t\tdata-text=\"w:normal;s:20,10,9,9;l:0,13,12,12;\"\n\t\t\t\t\t\t\t\tdata-dim=\"w:2560px,1365px,1333px,1333px;h:1440px,768px,750px,750px;\"\n\t\t\t\t\t\t\t\tdata-frame_999=\"o:0;st:w;\"\n\t\t\t\t\t\t\t\tstyle=\"z-index:5;\"\n\t\t\t\t\t\t\t><img decoding=\"async\" src=\"\/\/zenshin.ch\/wp-content\/plugins\/revslider\/public\/assets\/assets\/dummy.png\" alt=\"\" class=\"tp-rs-img rs-lazyload\" width=\"2560\" height=\"1440\" data-lazyload=\"\/\/zenshin.ch\/wp-content\/uploads\/2024\/04\/DSC_1883-1-scaled.jpg\" data-no-retina> \n\t\t\t\t\t\t\t<\/rs-layer><!--\n-->\t\t\t\t\t\t<\/rs-slide>\n\t\t\t\t\t\t<rs-slide style=\"position: absolute;\" data-key=\"rs-338\" data-title=\"Slide\" data-thumb=\"\/\/zenshin.ch\/wp-content\/uploads\/2021\/10\/ZEN_SHIN_Zentrum_fuer_Kampfkunst_und_Gesundheit_4043-100x50.jpg\" data-anim=\"adpr:false;\" data-in=\"o:0;x:100%;\" data-out=\"a:false;\" data-alttrans=\"fade\">\n\t\t\t\t\t\t\t<img decoding=\"async\" src=\"\/\/zenshin.ch\/wp-content\/plugins\/revslider\/public\/assets\/assets\/dummy.png\" alt=\"\" title=\"Zen-Shin, Kampfsportschule, Biel, Bienne, Dominique Sigillo\" width=\"2000\" height=\"1333\" class=\"rev-slidebg tp-rs-img rs-lazyload\" data-lazyload=\"\/\/zenshin.ch\/wp-content\/uploads\/2021\/10\/ZEN_SHIN_Zentrum_fuer_Kampfkunst_und_Gesundheit_4043.jpg\" data-no-retina>\n<!---->\t\t\t\t\t\t<\/rs-slide>\n\t\t\t\t\t\t<rs-slide style=\"position: absolute;\" data-key=\"rs-339\" data-title=\"Slide\" data-thumb=\"\/\/zenshin.ch\/wp-content\/uploads\/2021\/10\/ZEN_SHIN_Zentrum_fuer_Kampfkunst_und_Gesundheit_4040-100x50.jpg\" data-anim=\"adpr:false;\" data-in=\"o:0;x:100%;\" data-out=\"a:false;\" data-alttrans=\"fade\">\n\t\t\t\t\t\t\t<img decoding=\"async\" src=\"\/\/zenshin.ch\/wp-content\/plugins\/revslider\/public\/assets\/assets\/dummy.png\" alt=\"\" title=\"Zen-Shin, Kampfsportschule, Biel, Bienne, Dominique Sigillo\" width=\"2000\" height=\"1333\" class=\"rev-slidebg tp-rs-img rs-lazyload\" data-lazyload=\"\/\/zenshin.ch\/wp-content\/uploads\/2021\/10\/ZEN_SHIN_Zentrum_fuer_Kampfkunst_und_Gesundheit_4040.jpg\" data-no-retina>\n<!---->\t\t\t\t\t\t<\/rs-slide>\n\t\t\t\t\t<\/rs-slides>\n\t\t\t\t\t<rs-static-layers><!--\n\t\t\t\t\t--><\/rs-static-layers>\n\t\t\t\t<\/rs-module>\n\t\t\t\t<script>\n\t\t\t\t\tsetREVStartSize({c: 'rev_slider_16_1',rl:[1240,1024,778,480],el:[837,768,960,750],gw:[1920,1024,1000,1000],gh:[837,768,960,750],type:'standard',justify:'',layout:'fullwidth',mh:\"0\"});if (window.RS_MODULES!==undefined && window.RS_MODULES.modules!==undefined && window.RS_MODULES.modules[\"revslider161\"]!==undefined) {window.RS_MODULES.modules[\"revslider161\"].once = false;window.revapi16 = undefined;if (window.RS_MODULES.checkMinimal!==undefined) window.RS_MODULES.checkMinimal()}\n\t\t\t\t<\/script>\n\t\t\t<\/rs-module-wrap>\n\t\t\t<!-- END REVOLUTION SLIDER -->\n[\/vc_column][\/vc_row][vc_row full_width=&#8221;stretch_row&#8221; css=&#8221;.vc_custom_1613740253700{padding-top: 7em !important;padding-bottom: 9em !important;background-position: center !important;background-repeat: no-repeat !important;background-size: cover !important;}&#8221;][vc_column][vc_column_text]<\/p>\n<h3 class=\"rokk\"><strong>Downloads<\/strong><\/h3>\n<ul>\n<li><a href=\"https:\/\/zenshin.ch\/wp-content\/uploads\/2022\/01\/agbmitgliedschaftds102Vers01102021.pdf\">AGB Mitgliedschaft DS102<\/a> (PDF)<\/li>\n<li><a href=\"https:\/\/zenshin.ch\/wp-content\/uploads\/2022\/01\/AnmeldeformularfuehrEinfuehrungskursDEabOktober2021.pdf\">Anmeldeformular f\u00fcr Einf\u00fchrungskurs DE ab Oktober 2021<\/a> (PDF)<\/li>\n<li><a href=\"https:\/\/zenshin.ch\/wp-content\/uploads\/2022\/01\/AnmeldeformularfuerEinfuehrungskursFRAabOktober2021.pdf\">Anmeldeformular f\u00fcr Einf\u00fchrungskurs FRA ab Oktober 2021<\/a> (PDF)<\/li>\n<li><a href=\"https:\/\/zenshin.ch\/wp-content\/uploads\/2022\/01\/AnmeldungMitgliedZenShin_2021.pdf\">Anmeldung Mitglied ZenShin_2021<\/a> (PDF)<\/li>\n<li><a href=\"https:\/\/zenshin.ch\/wp-content\/uploads\/2022\/01\/PreislisteZenShin01Oktober2021.pdf\">Preisliste Zen Shin 01. Oktober 2021<\/a> (PDF)<\/li>\n<li><a href=\"https:\/\/zenshin.ch\/wp-content\/uploads\/2022\/04\/ZENSHIN_Datenkalender_2022-VersioN-11.02.22.pdf\">Veranstaltungen \u00c9v\u00e9nements Zen Shin 2022<\/a>\u00a0(PDF)<\/li>\n<\/ul>\n<p>[\/vc_column_text][\/vc_column][\/vc_row][vc_row full_width=&#8221;stretch_row_content_no_spaces&#8221;][vc_column][vc_empty_space height=&#8221;5px&#8221; alter_height=&#8221;none&#8221; hide_on_mobile=&#8221;&#8221; css=&#8221;.vc_custom_1628057536562{background-color: #e5553f !important;}&#8221;][\/vc_column][\/vc_row]<\/p>\n<\/section>","protected":false},"excerpt":{"rendered":"<p>[vc_row][vc_column][\/vc_column][\/vc_row][vc_row full_width=&#8221;stretch_row&#8221; css=&#8221;.vc_custom_1613740253700{padding-top: 7em !important;padding-bottom: 9em !important;background-position: center !important;background-repeat: no-repeat !important;background-size: cover !important;}&#8221;][vc_column][vc_column_text] Downloads AGB Mitgliedschaft DS102 (PDF) Anmeldeformular f\u00fcr Einf\u00fchrungskurs DE ab Oktober 2021 (PDF) Anmeldeformular f\u00fcr Einf\u00fchrungskurs FRA ab Oktober 2021 (PDF) Anmeldung Mitglied ZenShin_2021 (PDF) Preisliste Zen Shin 01. Oktober 2021 (PDF) Veranstaltungen \u00c9v\u00e9nements Zen Shin 2022\u00a0(PDF) [\/vc_column_text][\/vc_column][\/vc_row][vc_row full_width=&#8221;stretch_row_content_no_spaces&#8221;][vc_column][vc_empty_space height=&#8221;5px&#8221; alter_height=&#8221;none&#8221; hide_on_mobile=&#8221;&#8221; css=&#8221;.vc_custom_1628057536562{background-color: #e5553f !important;}&#8221;][\/vc_column][\/vc_row]<\/p>\n","protected":false},"author":1,"featured_media":0,"parent":0,"menu_order":0,"comment_status":"closed","ping_status":"closed","template":"","meta":{"footnotes":""},"class_list":["post-8345","page","type-page","status-publish","hentry"],"_links":{"self":[{"href":"https:\/\/zenshin.ch\/fr\/wp-json\/wp\/v2\/pages\/8345","targetHints":{"allow":["GET"]}}],"collection":[{"href":"https:\/\/zenshin.ch\/fr\/wp-json\/wp\/v2\/pages"}],"about":[{"href":"https:\/\/zenshin.ch\/fr\/wp-json\/wp\/v2\/types\/page"}],"author":[{"embeddable":true,"href":"https:\/\/zenshin.ch\/fr\/wp-json\/wp\/v2\/users\/1"}],"replies":[{"embeddable":true,"href":"https:\/\/zenshin.ch\/fr\/wp-json\/wp\/v2\/comments?post=8345"}],"version-history":[{"count":7,"href":"https:\/\/zenshin.ch\/fr\/wp-json\/wp\/v2\/pages\/8345\/revisions"}],"predecessor-version":[{"id":9141,"href":"https:\/\/zenshin.ch\/fr\/wp-json\/wp\/v2\/pages\/8345\/revisions\/9141"}],"wp:attachment":[{"href":"https:\/\/zenshin.ch\/fr\/wp-json\/wp\/v2\/media?parent=8345"}],"curies":[{"name":"wp","href":"https:\/\/api.w.org\/{rel}","templated":true}]}}