

{"id":8160,"date":"2021-03-26T19:09:02","date_gmt":"2021-03-26T17:09:02","guid":{"rendered":"https:\/\/zenshin.aarbeta.ch\/index.php\/fitness\/"},"modified":"2021-11-04T11:49:38","modified_gmt":"2021-11-04T09:49:38","slug":"fitness","status":"publish","type":"page","link":"https:\/\/zenshin.ch\/fr\/fitness\/","title":{"rendered":"Fitness"},"content":{"rendered":"<section class=\"wpb-content-wrapper\"><p>[vc_row][vc_column]\n\t\t\t<!-- START Fitness REVOLUTION SLIDER 6.6.13 --><p class=\"rs-p-wp-fix\"><\/p>\n\t\t\t<rs-module-wrap id=\"rev_slider_11_1_wrapper\" data-source=\"gallery\" style=\"visibility:hidden;background:transparent;padding:0;margin:0px auto;margin-top:0;margin-bottom:0;\">\n\t\t\t\t<rs-module id=\"rev_slider_11_1\" style=\"\" data-version=\"6.6.13\">\n\t\t\t\t\t<rs-slides style=\"overflow: hidden; position: absolute;\">\n\t\t\t\t\t\t<rs-slide style=\"position: absolute;\" data-key=\"rs-114\" data-title=\"Slide\" data-thumb=\"\/\/zenshin.ch\/wp-content\/uploads\/2021\/04\/Fitness_21112020_6149-scaled-100x50.jpg\" data-anim=\"adpr:false;\" data-in=\"o:0;x:100%;\" data-out=\"a:false;\" data-alttrans=\"fade\">\n\t\t\t\t\t\t\t<img decoding=\"async\" src=\"\/\/zenshin.ch\/wp-content\/plugins\/revslider\/public\/assets\/assets\/dummy.png\" alt=\"\" title=\"ZEN SHIN Fitness\" width=\"2560\" height=\"1704\" class=\"rev-slidebg tp-rs-img rs-lazyload\" data-lazyload=\"\/\/zenshin.ch\/wp-content\/uploads\/2021\/04\/Fitness_21112020_6149-scaled.jpg\" data-bg=\"p:0% 40%;\" data-no-retina>\n<!---->\t\t\t\t\t\t<\/rs-slide>\n\t\t\t\t\t\t<rs-slide style=\"position: absolute;\" data-key=\"rs-55\" data-title=\"Slide\" data-thumb=\"\/\/zenshin.ch\/wp-content\/uploads\/2021\/10\/ZEN_SHIN_Zentrum_fuer_Kampfkunst_und_Gesundheit_3886-100x50.jpg\" data-anim=\"adpr:false;\" data-in=\"o:0;x:100%;\" data-out=\"a:false;\" data-alttrans=\"fade\">\n\t\t\t\t\t\t\t<img decoding=\"async\" src=\"\/\/zenshin.ch\/wp-content\/plugins\/revslider\/public\/assets\/assets\/dummy.png\" alt=\"\" title=\"Zen-Shin, Kampfsportschule, Biel, Bienne, Dominique Sigillo\" width=\"2000\" height=\"1333\" class=\"rev-slidebg tp-rs-img rs-lazyload\" data-lazyload=\"\/\/zenshin.ch\/wp-content\/uploads\/2021\/10\/ZEN_SHIN_Zentrum_fuer_Kampfkunst_und_Gesundheit_3886.jpg\" data-bg=\"p:0% 60%;\" data-no-retina>\n<!---->\t\t\t\t\t\t<\/rs-slide>\n\t\t\t\t\t\t<rs-slide style=\"position: absolute;\" data-key=\"rs-341\" data-title=\"Slide\" data-thumb=\"\/\/zenshin.ch\/wp-content\/uploads\/2021\/10\/ZEN_SHIN_Zentrum_fuer_Kampfkunst_und_Gesundheit_3882-100x50.jpg\" data-anim=\"adpr:false;\" data-in=\"o:0;x:100%;\" data-out=\"a:false;\" data-alttrans=\"fade\">\n\t\t\t\t\t\t\t<img decoding=\"async\" src=\"\/\/zenshin.ch\/wp-content\/plugins\/revslider\/public\/assets\/assets\/dummy.png\" alt=\"\" title=\"Zen-Shin, Kampfsportschule, Biel, Bienne, Dominique Sigillo\" width=\"2000\" height=\"1333\" class=\"rev-slidebg tp-rs-img rs-lazyload\" data-lazyload=\"\/\/zenshin.ch\/wp-content\/uploads\/2021\/10\/ZEN_SHIN_Zentrum_fuer_Kampfkunst_und_Gesundheit_3882.jpg\" data-bg=\"p:0% 60%;\" data-no-retina>\n<!---->\t\t\t\t\t\t<\/rs-slide>\n\t\t\t\t\t\t<rs-slide style=\"position: absolute;\" data-key=\"rs-115\" data-title=\"Slide\" data-thumb=\"\/\/zenshin.ch\/wp-content\/uploads\/2021\/04\/Fitness_21112020_6156-scaled-100x50.jpg\" data-anim=\"adpr:false;\" data-in=\"x:100%;\" data-out=\"a:false;\" data-alttrans=\"fade\">\n\t\t\t\t\t\t\t<img decoding=\"async\" src=\"\/\/zenshin.ch\/wp-content\/plugins\/revslider\/public\/assets\/assets\/dummy.png\" alt=\"\" title=\"ZEN SHIN Fitness\" width=\"2560\" height=\"1704\" class=\"rev-slidebg tp-rs-img rs-lazyload\" data-lazyload=\"\/\/zenshin.ch\/wp-content\/uploads\/2021\/04\/Fitness_21112020_6156-scaled.jpg\" data-bg=\"p:0% 40%;\" data-no-retina>\n<!---->\t\t\t\t\t\t<\/rs-slide>\n\t\t\t\t\t\t<rs-slide style=\"position: absolute;\" data-key=\"rs-340\" data-title=\"Slide\" data-thumb=\"\/\/zenshin.ch\/wp-content\/uploads\/2021\/10\/ZEN_SHIN_Zentrum_fuer_Kampfkunst_und_Gesundheit_3943-100x50.jpg\" data-anim=\"adpr:false;\" data-in=\"o:0;x:100%;\" data-out=\"a:false;\" data-alttrans=\"fade\">\n\t\t\t\t\t\t\t<img decoding=\"async\" src=\"\/\/zenshin.ch\/wp-content\/plugins\/revslider\/public\/assets\/assets\/dummy.png\" alt=\"\" title=\"Zen-Shin, Kampfsportschule, Biel, Bienne, Dominique Sigillo\" width=\"2000\" height=\"1333\" class=\"rev-slidebg tp-rs-img rs-lazyload\" data-lazyload=\"\/\/zenshin.ch\/wp-content\/uploads\/2021\/10\/ZEN_SHIN_Zentrum_fuer_Kampfkunst_und_Gesundheit_3943.jpg\" data-bg=\"p:0% 60%;\" data-no-retina>\n<!---->\t\t\t\t\t\t<\/rs-slide>\n\t\t\t\t\t\t<rs-slide style=\"position: absolute;\" data-key=\"rs-342\" data-title=\"Slide\" data-thumb=\"\/\/zenshin.ch\/wp-content\/uploads\/2021\/10\/ZEN_SHIN_Zentrum_fuer_Kampfkunst_und_Gesundheit_3889-100x50.jpg\" data-anim=\"adpr:false;\" data-in=\"o:0;x:100%;\" data-out=\"a:false;\" data-alttrans=\"fade\">\n\t\t\t\t\t\t\t<img decoding=\"async\" src=\"\/\/zenshin.ch\/wp-content\/plugins\/revslider\/public\/assets\/assets\/dummy.png\" alt=\"\" title=\"Zen-Shin, Kampfsportschule, Biel, Bienne, Dominique Sigillo\" width=\"2000\" height=\"1333\" class=\"rev-slidebg tp-rs-img rs-lazyload\" data-lazyload=\"\/\/zenshin.ch\/wp-content\/uploads\/2021\/10\/ZEN_SHIN_Zentrum_fuer_Kampfkunst_und_Gesundheit_3889.jpg\" data-bg=\"p:0% 60%;\" data-no-retina>\n<!---->\t\t\t\t\t\t<\/rs-slide>\n\t\t\t\t\t<\/rs-slides>\n\t\t\t\t\t<rs-static-layers><!--\n\t\t\t\t\t--><\/rs-static-layers>\n\t\t\t\t<\/rs-module>\n\t\t\t\t<script>\n\t\t\t\t\tsetREVStartSize({c: 'rev_slider_11_1',rl:[1240,1240,1240,480],el:[837,837,837,750],gw:[1920,1920,1920,1000],gh:[837,837,837,750],type:'standard',justify:'',layout:'fullwidth',mh:\"0\"});if (window.RS_MODULES!==undefined && window.RS_MODULES.modules!==undefined && window.RS_MODULES.modules[\"revslider111\"]!==undefined) {window.RS_MODULES.modules[\"revslider111\"].once = false;window.revapi11 = undefined;if (window.RS_MODULES.checkMinimal!==undefined) window.RS_MODULES.checkMinimal()}\n\t\t\t\t<\/script>\n\t\t\t<\/rs-module-wrap>\n\t\t\t<!-- END REVOLUTION SLIDER -->\n[\/vc_column][\/vc_row][vc_row gap=&#8221;35&#8243;][vc_column][vc_empty_space height=&#8221;60px&#8221; hide_on_mobile=&#8221;&#8221;][\/vc_column][\/vc_row][vc_row full_width=&#8221;stretch_row&#8221; css=&#8221;.vc_custom_1613740253700{padding-top: 7em !important;padding-bottom: 9em !important;background-position: center !important;background-repeat: no-repeat !important;background-size: cover !important;}&#8221;][vc_column][vc_column_text]<\/p>\n<h6 class=\"abstandoben\"><strong><span style=\"color: #e5553f;\">Formation \u00e0 partir de 14 ans<\/span><\/strong><\/h6>\n<h2 class=\"rokk\"><strong>Fitness<\/strong><\/h2>\n<p><em>Vous souhaitez optimiser sp\u00e9cifiquement votre entra\u00eenement, d\u00e9velopper votre force et votre endurance, compl\u00e9ter la r\u00e9\u00e9ducation, l&#8217;entra\u00eenement de base et compl\u00e9mentaire \u00e0 l&#8217;entra\u00eenement r\u00e9gulier ? Dans notre salle de fitness, nous vous proposons une s\u00e9lection d&#8217;\u00e9quipements d&#8217;entra\u00eenement et de cardio, des halt\u00e8res de tous les niveaux de poids pour un entra\u00eenement musculaire gratuit et divers accessoires d&#8217;entra\u00eenement.<\/em><\/p>\n<p>Vous avez des questions ou vous souhaitez en savoir plus ?<br \/>\nPour\u00a0<strong>plus d\u2019informations<\/strong>, veuillez nous contacter au\u00a0<strong>032 342 46 57 ou via notre formulaire de contact<\/strong>.<\/p>\n<p><strong>Cordialement, votre \u00e9quipe ZEN SHIN<\/strong>[\/vc_column_text][\/vc_column][\/vc_row][vc_row][vc_column][vc_column_text]<\/p>\n<h5>Instruktoren<\/h5>\n<p>[\/vc_column_text][vc_empty_space hide_on_mobile=&#8221;&#8221;][\/vc_column][\/vc_row][vc_row scheme=&#8221;dark&#8221;][vc_column]<div id=\"awsm-team-7378\" class=\"awsm-grid-wrapper\">\n\t\t\n\t<div class=\"awsm-modal\">\n\t\t\t<div class=\"awsm-grid-modal awsm-grid modal-style style-1 grid-4-col \">\n\t\t\t\t\t\t<div id=\"awsm-member-7378-8892\" class=\"awsm-grid-card awsm-team-item awsm-scale-anm awsm-all\">\n\t\t\t\t\t<span id=\"tigger-style-7378-8892\" class=\"awsm-team-link-control awsm-modal-trigger awsm-modal-trigger-8892\" data-trigger=\"#modal-style-7378-8892\">\n\t\t\t\t\t\t<figure>\n\t\t\t\t\t\t\t<img loading=\"lazy\" decoding=\"async\" width=\"440\" height=\"587\" src=\"https:\/\/zenshin.ch\/wp-content\/uploads\/2021\/08\/ZEN_SHIN_Dominique_Sigillo_Portrait_Personal-Training-440x587.jpg\" class=\"attachment-awsm_team size-awsm_team wp-post-image\" alt=\"\" \/>\t\t\t\t\t\t\t<figcaption>\n\t\t\t\t\t\t\t\t<div class=\"awsm-personal-info\"><span>Instructeur en chef Personal-Training &amp; Fitness<\/span><h3>Dominique Sigill\u00f2<\/h3><\/div>\t\t\t\t\t\t\t<\/figcaption>\n\t\t\t\t\t\t<\/figure>\n\t\t\t\t\t<\/span>\n\t\t\t\t<\/div>\n\t\t\t\t\t<\/div>\n\t\t<div class=\"awsm-modal-items modal-style style-1 grid-4-col \">\n\t\t\t<span class=\"awsm-team-link-control awsm-modal-close\"><\/span>\n\t\t\t<div class=\"awsm-modal-items-main\">\n\t\t\t\t<span class=\"awsm-team-link-control awsm-nav-item awsm-nav-left\"><\/span>\n\t\t\t\t\t<div id=\"modal-style-7378-8892\" class=\"awsm-modal-item awsm-scale-anm awsm-modal-hidden awsm-all \" data-info=\"8892\">\n\t<div id=\"awsm-member-info-7378-8892\" class=\"awsm-modal-content\">\n\t\t<div class=\"awsm-modal-content-main\">\n\t\t\t<div class=\"awsm-image-main\">\n\t\t\t\t<img loading=\"lazy\" decoding=\"async\" width=\"440\" height=\"587\" src=\"https:\/\/zenshin.ch\/wp-content\/uploads\/2021\/08\/ZEN_SHIN_Dominique_Sigillo_Portrait_Personal-Training-440x587.jpg\" class=\"attachment-awsm_team size-awsm_team wp-post-image\" alt=\"\" \/>\t\t\t<\/div>\n\t\t\t<div class=\"awsm-modal-details\">\n\t\t\t\t<div class=\"awsm-modal-content-inner\">\n\t\t\t\t\t<h3>Instructeur en chef Personal-Training &amp; Fitness<\/h3><h2>Dominique Sigill\u00f2<\/h2>\t\t\t\t<\/div>\n\t\t\t<\/div>\n\t\t<\/div>\n\t<\/div>\n<\/div>\n\t\t\t\t<span class=\"awsm-team-link-control awsm-nav-item awsm-nav-right\"><\/span>\n\t\t\t   <\/div>\n\t\t<\/div>\n\t\t<\/div>\n<\/div>\n[\/vc_column][\/vc_row][vc_row gap=&#8221;35&#8243;][vc_column][vc_empty_space height=&#8221;60px&#8221; hide_on_mobile=&#8221;&#8221;][\/vc_column][\/vc_row][vc_row full_width=&#8221;stretch_row_content_no_spaces&#8221;][vc_column][vc_empty_space height=&#8221;5px&#8221; alter_height=&#8221;none&#8221; hide_on_mobile=&#8221;&#8221; css=&#8221;.vc_custom_1628059615672{background-color: #e5553f !important;}&#8221;][\/vc_column][\/vc_row]<\/p>\n<\/section>","protected":false},"excerpt":{"rendered":"<p>[vc_row][vc_column][\/vc_column][\/vc_row][vc_row gap=&#8221;35&#8243;][vc_column][vc_empty_space height=&#8221;60px&#8221; hide_on_mobile=&#8221;&#8221;][\/vc_column][\/vc_row][vc_row full_width=&#8221;stretch_row&#8221; css=&#8221;.vc_custom_1613740253700{padding-top: 7em !important;padding-bottom: 9em !important;background-position: center !important;background-repeat: no-repeat !important;background-size: cover !important;}&#8221;][vc_column][vc_column_text] Formation \u00e0 partir de 14 ans Fitness Vous souhaitez optimiser sp\u00e9cifiquement votre entra\u00eenement, d\u00e9velopper votre force et votre endurance, compl\u00e9ter la r\u00e9\u00e9ducation, l&#8217;entra\u00eenement de base et compl\u00e9mentaire \u00e0 l&#8217;entra\u00eenement r\u00e9gulier ? Dans notre salle de fitness, nous vous proposons une s\u00e9lection d&#8217;\u00e9quipements d&#8217;entra\u00eenement et&hellip;<\/p>\n","protected":false},"author":1,"featured_media":0,"parent":0,"menu_order":0,"comment_status":"closed","ping_status":"closed","template":"","meta":{"footnotes":""},"class_list":["post-8160","page","type-page","status-publish","hentry"],"_links":{"self":[{"href":"https:\/\/zenshin.ch\/fr\/wp-json\/wp\/v2\/pages\/8160","targetHints":{"allow":["GET"]}}],"collection":[{"href":"https:\/\/zenshin.ch\/fr\/wp-json\/wp\/v2\/pages"}],"about":[{"href":"https:\/\/zenshin.ch\/fr\/wp-json\/wp\/v2\/types\/page"}],"author":[{"embeddable":true,"href":"https:\/\/zenshin.ch\/fr\/wp-json\/wp\/v2\/users\/1"}],"replies":[{"embeddable":true,"href":"https:\/\/zenshin.ch\/fr\/wp-json\/wp\/v2\/comments?post=8160"}],"version-history":[{"count":8,"href":"https:\/\/zenshin.ch\/fr\/wp-json\/wp\/v2\/pages\/8160\/revisions"}],"predecessor-version":[{"id":8967,"href":"https:\/\/zenshin.ch\/fr\/wp-json\/wp\/v2\/pages\/8160\/revisions\/8967"}],"wp:attachment":[{"href":"https:\/\/zenshin.ch\/fr\/wp-json\/wp\/v2\/media?parent=8160"}],"curies":[{"name":"wp","href":"https:\/\/api.w.org\/{rel}","templated":true}]}}