

{"id":7806,"date":"2021-03-04T14:58:14","date_gmt":"2021-03-04T12:58:14","guid":{"rendered":"https:\/\/zenshin.aarbeta.ch\/index.php\/schulleitung\/"},"modified":"2023-08-30T23:54:34","modified_gmt":"2023-08-30T21:54:34","slug":"schulleitung","status":"publish","type":"page","link":"https:\/\/zenshin.ch\/fr\/schulleitung\/","title":{"rendered":"Direction"},"content":{"rendered":"<section class=\"wpb-content-wrapper\"><p>[vc_row][vc_column]\n\t\t\t<!-- START Schulleitung REVOLUTION SLIDER 6.6.13 --><p class=\"rs-p-wp-fix\"><\/p>\n\t\t\t<rs-module-wrap id=\"rev_slider_17_1_wrapper\" data-source=\"gallery\" style=\"visibility:hidden;background:transparent;padding:0;margin:0px auto;margin-top:0;margin-bottom:0;\">\n\t\t\t\t<rs-module id=\"rev_slider_17_1\" style=\"\" data-version=\"6.6.13\">\n\t\t\t\t\t<rs-slides style=\"overflow: hidden; position: absolute;\">\n\t\t\t\t\t\t<rs-slide style=\"position: absolute;\" data-key=\"rs-74\" data-title=\"Slide\" data-thumb=\"\/\/zenshin.ch\/wp-content\/uploads\/2020\/12\/der3-scaled-100x50.jpg\" data-anim=\"adpr:false;\" data-in=\"x:100%;\" data-out=\"a:false;\" data-alttrans=\"fade\">\n\t\t\t\t\t\t\t<img decoding=\"async\" src=\"\/\/zenshin.ch\/wp-content\/plugins\/revslider\/public\/assets\/assets\/dummy.png\" alt=\"\" title=\"ZEN SHIN Karate-Do\" width=\"2560\" height=\"1707\" class=\"rev-slidebg tp-rs-img rs-lazyload\" data-lazyload=\"\/\/zenshin.ch\/wp-content\/uploads\/2020\/12\/der3-scaled.jpg\" data-no-retina>\n<!---->\t\t\t\t\t\t<\/rs-slide>\n\t\t\t\t\t\t<rs-slide style=\"position: absolute;\" data-key=\"rs-148\" data-title=\"Slide\" data-thumb=\"\/\/zenshin.ch\/wp-content\/uploads\/2021\/04\/Bildschirmfoto-2021-04-16-um-17.36.58-scaled-100x50.jpg\" data-anim=\"adpr:false;\" data-in=\"x:100%;\" data-out=\"a:false;\" data-alttrans=\"fade\">\n\t\t\t\t\t\t\t<img decoding=\"async\" src=\"\/\/zenshin.ch\/wp-content\/plugins\/revslider\/public\/assets\/assets\/dummy.png\" alt=\"\" title=\"ZEN SHIN Dominique Sigill\u00f2\" width=\"2560\" height=\"1689\" class=\"rev-slidebg tp-rs-img rs-lazyload\" data-lazyload=\"\/\/zenshin.ch\/wp-content\/uploads\/2021\/04\/Bildschirmfoto-2021-04-16-um-17.36.58-scaled.jpg\" data-no-retina>\n<!---->\t\t\t\t\t\t<\/rs-slide>\n\t\t\t\t\t\t<rs-slide style=\"position: absolute;\" data-key=\"rs-303\" data-title=\"Slide\" data-thumb=\"\/\/zenshin.ch\/wp-content\/uploads\/2021\/08\/Karate_U14_Kids_14112020_5075-scaled-100x50.jpg\" data-anim=\"adpr:false;\" data-in=\"x:100%;\" data-out=\"a:false;\" data-alttrans=\"fade\">\n\t\t\t\t\t\t\t<img decoding=\"async\" src=\"\/\/zenshin.ch\/wp-content\/plugins\/revslider\/public\/assets\/assets\/dummy.png\" alt=\"ZEN SHIN Karate-Unterricht U14 Kids\" title=\"ZEN SHIN Karate-Unterricht U14 Kids\" width=\"2560\" height=\"1704\" class=\"rev-slidebg tp-rs-img rs-lazyload\" data-lazyload=\"\/\/zenshin.ch\/wp-content\/uploads\/2021\/08\/Karate_U14_Kids_14112020_5075-scaled.jpg\" data-no-retina>\n<!---->\t\t\t\t\t\t<\/rs-slide>\n\t\t\t\t\t\t<rs-slide style=\"position: absolute;\" data-key=\"rs-302\" data-title=\"Slide\" data-thumb=\"\/\/zenshin.ch\/wp-content\/uploads\/2021\/08\/image-23-scaled-100x50.jpg\" data-anim=\"adpr:false;\" data-in=\"x:100%;\" data-out=\"a:false;\" data-alttrans=\"fade\">\n\t\t\t\t\t\t\t<img decoding=\"async\" src=\"\/\/zenshin.ch\/wp-content\/plugins\/revslider\/public\/assets\/assets\/dummy.png\" alt=\"ZEN SHIN Dominique Sigill\u00f2 Taiji-Quan&Qi-Gong\" title=\"ZEN SHIN Dominique Sigill\u00f2 Taiji-Quan&#038;Qi-Gong\" width=\"2560\" height=\"2058\" class=\"rev-slidebg tp-rs-img rs-lazyload\" data-lazyload=\"\/\/zenshin.ch\/wp-content\/uploads\/2021\/08\/image-23-scaled.jpg\" data-bg=\"p:0% 25%;\" data-no-retina>\n<!---->\t\t\t\t\t\t<\/rs-slide>\n\t\t\t\t\t\t<rs-slide style=\"position: absolute;\" data-key=\"rs-304\" data-title=\"Slide\" data-thumb=\"\/\/zenshin.ch\/wp-content\/uploads\/2021\/08\/Reservebilder_Disziplinen_9466-100x50.jpg\" data-anim=\"adpr:false;\" data-in=\"x:100%;\" data-out=\"a:false;\" data-alttrans=\"fade\">\n\t\t\t\t\t\t\t<img decoding=\"async\" src=\"\/\/zenshin.ch\/wp-content\/plugins\/revslider\/public\/assets\/assets\/dummy.png\" alt=\"ZEN SHIN Karate - Chefinstruktor Dominique Sigill\u00f2 mit Schueler\" title=\"ZEN SHIN Karate-Do Dominique Sigill\u00f2\" width=\"2048\" height=\"1365\" class=\"rev-slidebg tp-rs-img rs-lazyload\" data-lazyload=\"\/\/zenshin.ch\/wp-content\/uploads\/2021\/08\/Reservebilder_Disziplinen_9466.jpg\" data-no-retina>\n<!---->\t\t\t\t\t\t<\/rs-slide>\n\t\t\t\t\t\t<rs-slide style=\"position: absolute;\" data-key=\"rs-306\" data-title=\"Slide\" data-thumb=\"\/\/zenshin.ch\/wp-content\/uploads\/2021\/10\/ZEN_SHIN_Zentrum_fuer_Kampfkunst_und_Gesundheit_3928-100x50.jpg\" data-anim=\"adpr:false;\" data-in=\"o:0;x:100%;\" data-out=\"a:false;\" data-alttrans=\"fade\">\n\t\t\t\t\t\t\t<img decoding=\"async\" src=\"\/\/zenshin.ch\/wp-content\/plugins\/revslider\/public\/assets\/assets\/dummy.png\" alt=\"\" title=\"Zen-Shin, Kampfsportschule, Biel, Bienne, Dominique Sigillo\" width=\"2000\" height=\"1333\" class=\"rev-slidebg tp-rs-img rs-lazyload\" data-lazyload=\"\/\/zenshin.ch\/wp-content\/uploads\/2021\/10\/ZEN_SHIN_Zentrum_fuer_Kampfkunst_und_Gesundheit_3928.jpg\" data-bg=\"p:0% 70%;\" data-no-retina>\n<!---->\t\t\t\t\t\t<\/rs-slide>\n\t\t\t\t\t\t<rs-slide style=\"position: absolute;\" data-key=\"rs-337\" data-title=\"Slide\" data-thumb=\"\/\/zenshin.ch\/wp-content\/uploads\/2021\/10\/ZEN_SHIN_Zentrum_fuer_Kampfkunst_und_Gesundheit_3927-100x50.jpg\" data-anim=\"adpr:false;\" data-in=\"o:0;x:100%;\" data-out=\"a:false;\" data-alttrans=\"fade\">\n\t\t\t\t\t\t\t<img decoding=\"async\" src=\"\/\/zenshin.ch\/wp-content\/plugins\/revslider\/public\/assets\/assets\/dummy.png\" alt=\"\" title=\"Zen-Shin, Kampfsportschule, Biel, Bienne, Dominique Sigillo\" width=\"2000\" height=\"1333\" class=\"rev-slidebg tp-rs-img rs-lazyload\" data-lazyload=\"\/\/zenshin.ch\/wp-content\/uploads\/2021\/10\/ZEN_SHIN_Zentrum_fuer_Kampfkunst_und_Gesundheit_3927.jpg\" data-bg=\"p:center top;\" data-no-retina>\n<!---->\t\t\t\t\t\t<\/rs-slide>\n\t\t\t\t\t<\/rs-slides>\n\t\t\t\t\t<rs-static-layers><!--\n\t\t\t\t\t--><\/rs-static-layers>\n\t\t\t\t<\/rs-module>\n\t\t\t\t<script>\n\t\t\t\t\tsetREVStartSize({c: 'rev_slider_17_1',rl:[1240,1240,1240,480],el:[837,837,837,750],gw:[1920,1920,1920,1000],gh:[837,837,837,750],type:'standard',justify:'',layout:'fullwidth',mh:\"0\"});if (window.RS_MODULES!==undefined && window.RS_MODULES.modules!==undefined && window.RS_MODULES.modules[\"revslider171\"]!==undefined) {window.RS_MODULES.modules[\"revslider171\"].once = false;window.revapi17 = undefined;if (window.RS_MODULES.checkMinimal!==undefined) window.RS_MODULES.checkMinimal()}\n\t\t\t\t<\/script>\n\t\t\t<\/rs-module-wrap>\n\t\t\t<!-- END REVOLUTION SLIDER -->\n[\/vc_column][\/vc_row][vc_row gap=&#8221;35&#8243;][vc_column][vc_empty_space height=&#8221;60px&#8221; alter_height=&#8221;large&#8221; hide_on_mobile=&#8221;&#8221;][\/vc_column][\/vc_row][vc_row][vc_column][vc_column_text]<\/p>\n<h6 class=\"abstandoben\"><strong><span style=\"color: #e5553f;\">Propri\u00e9taire- et Instructor principal<br \/>\n<\/span><\/strong><\/h6>\n<h2 class=\"rokk\"><strong>Direction<br \/>\n<\/strong><\/h2>\n<p>[\/vc_column_text][\/vc_column][\/vc_row][vc_row][vc_column width=&#8221;1\/2&#8243;][vc_empty_space alter_height=&#8221;medium&#8221; hide_on_mobile=&#8221;&#8221;][vc_single_image image=&#8221;6160&#8243; img_size=&#8221;600&#215;800&#8243; style=&#8221;vc_box_rounded&#8221;][vc_column_text][\/vc_column_text][\/vc_column][vc_column width=&#8221;1\/2&#8243;][vc_empty_space alter_height=&#8221;medium&#8221; hide_on_mobile=&#8221;&#8221;][vc_column_text scheme=&#8221;dark&#8221;]<\/p>\n<h6 class=\"trx_addons_no_margins\"><strong>Dominique Sigill\u00f2<\/strong><\/h6>\n<p><a href=\"http:\/\/www.karate.ch\/mitglieder\/dantrager\/schweizer-dantrager\/\">8.Dan SKF Karat\u00e9-Do \ud83d\udd17<\/a><\/p>\n<ul>\n<li>Entraineur dipl\u00f4m\u00e9 de l&#8217;\u00e9lite sportive Olympique Suisse<\/li>\n<li>Directeur d&#8217;\u00e9cole de sport avec brevet f\u00e9d\u00e9ral<\/li>\n<li>Professeur de karat\u00e9 avec brevet f\u00e9d\u00e9ral<\/li>\n<li>Expert J+S (Jeunesse + Sport) Expert sport pour enfants 5-9 ans<\/li>\n<li>Expert J+S (Jeunesse + Sport) 10-20 ans<\/li>\n<li>Expert ESA (Sport pour adults) Expert +20 Jahre<\/li>\n<li>Entraineur qualifi\u00e9 Qualitop<\/li>\n<\/ul>\n<p>[\/vc_column_text][\/vc_column][\/vc_row][vc_row][vc_column][vc_empty_space alter_height=&#8221;large&#8221; hide_on_mobile=&#8221;&#8221;][vc_tta_tour shape=&#8221;square&#8221; color=&#8221;black&#8221; spacing=&#8221;&#8221; alignment=&#8221;right&#8221; active_section=&#8221;1&#8243;][vc_tta_section title=&#8221;Functions important&#8221; tab_id=&#8221;1626852302046-808f5d63-05d2&#8243;][vc_column_text css=&#8221;.vc_custom_1635061961446{padding-left: 20px !important;}&#8221;]<\/p>\n<ul>\n<li><span style=\"color: #ffffff;\">Membre de la Commission Technique WKF F\u00e9d\u00e9ration Mondiale de Karat\u00e9 depuis 2020<\/span><\/li>\n<li><span style=\"color: #ffffff;\">Superviseur Karat\u00e9 1 S\u00e9rie A Tournois de la WKF World Karat\u00e9 F\u00e9d\u00e9ration depuis 2017<\/span><\/li>\n<li><span style=\"color: #ffffff;\">Vice-Pr\u00e9sident de la Commission Technique EKF F\u00e9d\u00e9ration Europ\u00e9enne de Karat\u00e9 depuis 2018<\/span><\/li>\n<li><span style=\"color: #ffffff;\">Membre de la Commission Technique EKF F\u00e9d\u00e9ration Europ\u00e9enne de Karat\u00e9 depuis 2012<\/span><\/li>\n<li><span style=\"color: #ffffff;\">Pr\u00e9sident et instructeur en chef de l&#8217;Union Suisse de Karat\u00e9 SKU 1998-2011<\/span><\/li>\n<li><span style=\"color: #ffffff;\">Entra\u00eeneur Kata pour l&#8217;\u00e9quipe nationale suisse SKF jusqu&#8217;en 2012<\/span><\/li>\n<li><span style=\"color: #ffffff;\">Membre du bureau central de la F\u00e9d\u00e9ration Suisse de Karat\u00e9 SKF 2001-2009<\/span><\/li>\n<li><span style=\"color: #ffffff;\">Coach Kumit\u00e9 + Kata pour l&#8217;\u00e9quipe nationale suisse SKF 1995-2000<\/span><\/li>\n<\/ul>\n<p>[\/vc_column_text][\/vc_tta_section][vc_tta_section title=&#8221;Importants succ\u00e8s&#8221; tab_id=&#8221;1626852302060-459081a1-6ffe&#8221;][vc_column_text css=&#8221;.vc_custom_1635062175108{padding-left: 20px !important;}&#8221;]<\/p>\n<ul>\n<li><span style=\"color: #ffffff;\">Membre de l&#8217;\u00e9quipe nationale suisse de Karat\u00e9 1982-1994<\/span><\/li>\n<li><span style=\"color: #ffffff;\">10 fois champion suisse Kata+Kumit\u00e9<\/span><\/li>\n<li><span style=\"color: #ffffff;\">Vice-champion du monde, Kumit\u00e9 1984<\/span><\/li>\n<li><span style=\"color: #ffffff;\">Vice-Champion d&#8217;Europe, Kumit\u00e9 1991<\/span><\/li>\n<li><span style=\"color: #ffffff;\">M\u00e9daille de bronze championnat d&#8217;Europe, Kumit\u00e9 individuel 1992, Kumit\u00e9 par \u00e9quipes 1993<\/span><\/li>\n<li><span style=\"color: #ffffff;\">Champion d&#8217;Europe junior, Kumit\u00e9 1985<\/span><\/li>\n<\/ul>\n<p>[\/vc_column_text][\/vc_tta_section][vc_tta_section title=&#8221;Carri\u00e8re Karat\u00e9&#8221; tab_id=&#8221;1627050658883-a2687311-c757&#8243;][vc_column_text css=&#8221;.vc_custom_1693432468847{padding-left: 20px !important;}&#8221;]<span style=\"color: #ffffff;\">D\u00e9but Karat\u00e9: 01.09.1972 \/ Examinateur: E. Kaji\/M. Kondo \/ Lieu: Biel\/Bienne<\/span><br \/>\n<span style=\"color: #ffffff;\">1er Dan: 11.10.1975 \/ Examinateur: H. Jordan \/ Lieu: Gen\u00e8ve<\/span><br \/>\n<span style=\"color: #ffffff;\">2e Dan: 28.05.1983 \/ Examinateur: H. Jordan \/ Lieu: Genf<\/span><br \/>\n<span style=\"color: #ffffff;\">3e Dan: 17.05.1987 \/ Examinateur: H. Jordan\/ J. Richards \/ Lieu: Biel\/Bienne<\/span><br \/>\n<span style=\"color: #ffffff;\">4e Dan: 21.09.1991 \/ Examinateur: H. Jordan\/ J. Richards \/ Lieu: Biel\/Bienne<\/span><br \/>\n<span style=\"color: #ffffff;\">5e Dan: 18.10.1997 \/ Examinateur: H. Jordan\/ J. Richards \/ Lieu: Biel\/Bienne<\/span><br \/>\n<span style=\"color: #ffffff;\">6e Dan: 08.05.2005 \/ Examinateur: J. Richards \/ Lieu: Birmingham<\/span><br \/>\n<span style=\"color: #ffffff;\">7e Dan : 08.09.2013 \/ Examinateur: J. Richards \/ Ort: Birmingham<\/span><br \/>\n<span style=\"color: #ffffff;\">8e Dan : 21.02.2023 \/ D\u00e9cern\u00e9 par la SKF (Swiss Karate Federation)[\/vc_column_text][\/vc_tta_section][vc_tta_section title=&#8221;Karat\u00e9-Do Biel\/Bienne&#8221; tab_id=&#8221;1627050745647-b3dcf663-4d9f&#8221;][vc_column_text css=&#8221;.vc_custom_1665088377357{padding-left: 20px !important;}&#8221;]<\/p>\n<ul>\n<li><span style=\"color: #ffffff;\">Instructeur Karat\u00e9-Do Biel\/Bienne depuit 1980<\/span><\/li>\n<li><span style=\"color: #ffffff;\">Propri\u00e9taire seul Karat\u00e9-Do Biel\/Bienne depuit 1993<\/span><\/li>\n<li><span style=\"color: #ffffff;\">Professionnelle depuis 1990<\/li>\n<\/ul>\n<p>[\/vc_column_text][\/vc_tta_section][vc_tta_section title=&#8221;Activit\u00e9 divers&#8221; tab_id=&#8221;1627478034293-fa0a037f-1814&#8243;][vc_column_text css=&#8221;.vc_custom_1635064231299{padding-left: 20px !important;}&#8221;]<\/p>\n<ul>\n<li><span style=\"color: #ffffff;\">Membre de l&#8217;\u00e9quipe nationale 1982-1994<\/span><\/li>\n<li><span style=\"color: #ffffff;\">Arbitre cat\u00e9gorie B SKF 1988<\/span><\/li>\n<li><span style=\"color: #ffffff;\">SKU section formateur 1992-1995<\/span><\/li>\n<li><span style=\"color: #ffffff;\">Entra\u00eeneur de l&#8217;\u00e9quipe nationale SKF Kumit\u00e9+Kata 1995-2000<\/span><\/li>\n<li><span style=\"color: #ffffff;\">Entra\u00eeneur de l&#8217;\u00e9quipe nationale SKF Kata depuis 2009-2011<\/span><\/li>\n<li><span style=\"color: #ffffff;\">Membre du conseil d&#8217;administration de SKU 1997-2011<\/span><\/li>\n<li><span style=\"color: #ffffff;\">Membre ZV SKF 1998-2005<\/span><\/li>\n<li><span style=\"color: #ffffff;\">Membre de la Commission Technique SKU depuis 1989<\/span><\/li>\n<li><span style=\"color: #ffffff;\">Pr\u00e9sident de la Commission Technique SKU 1998-2011<\/span><\/li>\n<li><span style=\"color: #ffffff;\">Membre de la Commission Technique de l&#8217;EKF depuis 2012<\/span><\/li>\n<\/ul>\n<p>[\/vc_column_text][\/vc_tta_section][vc_tta_section title=&#8221;Brevet &amp; Formation&#8221; tab_id=&#8221;1627478195484-33a4196a-c2a9&#8243;][vc_column_text css=&#8221;.vc_custom_1635064415981{padding-left: 20px !important;}&#8221;]<\/p>\n<ul>\n<li><span style=\"color: #ffffff;\">Entra\u00eeneur de Karat\u00e9 avec brevet f\u00e9d\u00e9ral<\/span><\/li>\n<li><span style=\"color: #ffffff;\">Directeur d&#8217;\u00e9cole de sport avec brevet f\u00e9d\u00e9ral<\/span><\/li>\n<li><span style=\"color: #ffffff;\">Dipl\u00f4me f\u00e9d\u00e9ral suisse Entra\u00eeneur sportif de haut niveau Swiss-Olympic<\/span><\/li>\n<li><span style=\"color: #ffffff;\">Expert Jeunesse+Sport (Responsable Education et Formation Jeunesse+Sport)<\/span><\/li>\n<li><span style=\"color: #ffffff;\">Expert Jeunesse+Sport Kids<\/span><\/li>\n<li><span style=\"color: #ffffff;\">Experte en sport adulte<\/span><\/li>\n<\/ul>\n<p>[\/vc_column_text][\/vc_tta_section][vc_tta_section title=&#8221;Entra\u00eeneur &amp; Coach&#8221; tab_id=&#8221;1627478485173-2aec8e25-1fa0&#8243;][vc_column_text css=&#8221;.vc_custom_1635064596984{padding-left: 20px !important;}&#8221;]<\/p>\n<ul>\n<li><span style=\"color: #ffffff;\">Athl\u00e8tes \u00e0 succ\u00e8s national et international comme Michelle Saner, Kata 3e place EM EKF, 12x SM, vainqueur CE<\/span><\/li>\n<li><span style=\"color: #ffffff;\">Saman Cheu, Kumite 7e place EM+WM<\/span><\/li>\n<li><span style=\"color: #ffffff;\">Plus de 50 ceintures noires form\u00e9es en Karat\u00e9-Do Biel\/Bienne, du 1er au 6e Dan<\/span><\/li>\n<li><span style=\"color: #ffffff;\">Nombreuses ceintures noires d&#8217;autres dojos form\u00e9es du 1er au 5e Dan<\/span><\/li>\n<li><span style=\"color: #ffffff;\">Cr\u00e9ation du nouveau r\u00e8glement technique SKU 1997-98<\/span><\/li>\n<\/ul>\n<p>[\/vc_column_text][\/vc_tta_section][vc_tta_section title=&#8221;Sensei important&#8221; tab_id=&#8221;1627477540502-745df663-f0ff&#8221;][vc_column_text css=&#8221;.vc_custom_1635064672507{padding-left: 20px !important;}&#8221;]<\/p>\n<ul>\n<li><span style=\"color: #ffffff;\">D. Calo, Karate-Do Biel\/Bienne SKU\/SKF<\/span><\/li>\n<li><span style=\"color: #ffffff;\">S. Sigill\u00f2, Karate-Do Biel\/Bienne SKU\/SKF<\/span><\/li>\n<li><span style=\"color: #ffffff;\">M. Kondo, SKO Gen\u00e8ve\/Japon<\/span><\/li>\n<li><span style=\"color: #ffffff;\">E. Kaji, Japon\/Espagne<\/span><\/li>\n<li><span style=\"color: #ffffff;\">H. Jordan, Suisse SKU\/SKF<\/span><\/li>\n<li><span style=\"color: #ffffff;\">K. Sugimura, Suisse\/Japon SKR\/SKF<\/span><\/li>\n<li><span style=\"color: #ffffff;\">D. Valera, France<\/span><\/li>\n<li><span style=\"color: #ffffff;\">J. Ghan, USA<\/span><\/li>\n<li><span style=\"color: #ffffff;\">T. Donovan, Angleterre<\/span><\/li>\n<li><span style=\"color: #ffffff;\">J. Richards, Angleterre<\/span><\/li>\n<li><span style=\"color: #ffffff;\">G. Gr\u00fcss, Frace<\/span><\/li>\n<li><span style=\"color: #ffffff;\">Ishimi (Shito-Ryu), Espagne\/Japon<\/span><\/li>\n<li><span style=\"color: #ffffff;\">Yamaguchi (Goju-Ryu), Japon<\/span><\/li>\n<li><span style=\"color: #ffffff;\">G. Sauvin, Frace<\/span><\/li>\n<li><span style=\"color: #ffffff;\">D. Marchini, Italie<\/span><\/li>\n<li><span style=\"color: #ffffff;\">S. Chouraki, France<\/span><\/li>\n<li><span style=\"color: #ffffff;\">H. Shirai, Italie<\/span><\/li>\n<li><span style=\"color: #ffffff;\">W. Peng (Taiji), Ta\u00efwan<\/span><\/li>\n<li><span style=\"color: #ffffff;\">M. Millon, France<\/span><\/li>\n<li><span style=\"color: #ffffff;\">L. Valdesi, Italie<\/span><\/li>\n<\/ul>\n<p>[\/vc_column_text][\/vc_tta_section][\/vc_tta_tour][\/vc_column][\/vc_row][vc_row gap=&#8221;35&#8243;][vc_column][vc_empty_space alter_height=&#8221;medium&#8221; hide_on_mobile=&#8221;&#8221;][vc_column_text scheme=&#8221;dark&#8221;]<\/p>\n<h5><strong>importants succ\u00e8s comp\u00e9titif<br \/>\n<\/strong><\/h5>\n<table>\n<tbody>\n<tr>\n<td><strong>1992<\/strong><\/td>\n<td>3\u00e8me place Championnat d&#8217;Europe UEK Kumit\u00e9 Champion Suisse EliteKata, Vice-Champion Suisse Kumit\u00e9 (-65kg), 3\u00e8me place Kata International Cup de Gen\u00e8ve 1993 Champions Suisses Kata et Kumit\u00e9, 2\u00e8me place Stagiaire. Coupe de Gen\u00e8ve, 5\u00e8me place des Jeux Mondiaux<\/td>\n<\/tr>\n<tr>\n<td><strong>1991<\/strong><\/td>\n<td>Champions suisses Kata et Kumit\u00e9, Vice-champions d&#8217;Europe UEK Kumit\u00e9 1\u00e8re place Kata International Cup de Gen\u00e8ve 1\u00e8re place Kumit\u00e9 et 2\u00e8me place Kata International Cup de Zurich, 1\u00e8re place Kata Intern. Swiss Open Biel-Bienne<\/td>\n<\/tr>\n<tr>\n<td><strong>1990<\/strong><\/td>\n<td>3\u00e8me place Kata et Kumit\u00e9 Dutch Open, 3\u00e8me place Kata Finlandais Open, 2\u00e8me place Elite SM Kumit\u00e9, 1\/4 de finale Kumit\u00e9 Team World Championship WUKO<\/td>\n<\/tr>\n<tr>\n<td><strong>1989<\/strong><\/td>\n<td>1\u00e8re place Kata Dutch-Open, championnat suisse \u00e9lite Kumit\u00e9 3\u00e8me place \u00e9lite SM Kata, 1\/4 de finale Kumit\u00e9 World Cup WUKO<\/td>\n<\/tr>\n<tr>\n<td><strong>1988<\/strong><\/td>\n<td>2\u00e8me place SM-Elite Kumit\u00e9<\/td>\n<\/tr>\n<tr>\n<td><strong>1987<\/strong><\/td>\n<td>1\/4 de finale Coupe du Monde WUKO, 3e place Elite-SM Kata, 1\/4 de finale EM UEK<\/td>\n<\/tr>\n<tr>\n<td><strong>1986<\/strong><\/td>\n<td>5\u00e8me place Championnat du Monde WUKO Kumit\u00e9, 13\u00e8me place Kata<\/td>\n<\/tr>\n<tr>\n<td><strong>1985<\/strong><\/td>\n<td>Champion d&#8217;Europe Junior UEK Kumit\u00e9, 2e place Elite-SM Kumit\u00e9, 3e place Kata<\/td>\n<\/tr>\n<tr>\n<td><strong>1984<\/strong><\/td>\n<td>Vice-vainqueur de la Coupe du Monde WUKO (maintenant WKF) Kumit\u00e9, Champion Suisse Junior Kumit\u00e9<\/td>\n<\/tr>\n<tr>\n<td><strong>1983<\/strong><\/td>\n<td>5\u00e8me place junior EM-JKA Kata, 1\u00e8re participation \u00e0 l&#8217;\u00e9lite EM UEK (aujourd&#8217;hui EKF) \u00e0 Kata (8\u00e8me place) + Kumit\u00e9, Champion Suisse Junior Kumit\u00e9<\/td>\n<\/tr>\n<tr>\n<td><strong>1981<\/strong><\/td>\n<td>Admission \u00e0 l&#8217;\u00e9quipe nationale suisse Kata<\/td>\n<\/tr>\n<tr>\n<td><strong>1980<\/strong><\/td>\n<td>3\u00e8me place Juniors SM<\/td>\n<\/tr>\n<tr>\n<td><strong>1977<\/strong><\/td>\n<td>1\u00e8re place Kata-SM de la section SKO<\/td>\n<\/tr>\n<tr>\n<td><strong>1974<\/strong><\/td>\n<td>Premi\u00e8re participation \u00e0 un tournoi &amp; lt; 1. Coupe Fuijmura &amp; gt; (comme premiers enfants avec soeur Bellinda)<\/td>\n<\/tr>\n<\/tbody>\n<\/table>\n<p>[\/vc_column_text][\/vc_column][\/vc_row][vc_row full_width=&#8221;stretch_row_content_no_spaces&#8221;][vc_column][vc_empty_space height=&#8221;5px&#8221; alter_height=&#8221;none&#8221; hide_on_mobile=&#8221;&#8221; css=&#8221;.vc_custom_1628057616429{background-color: #e5553f !important;}&#8221;][\/vc_column][\/vc_row]<\/p>\n<\/section>","protected":false},"excerpt":{"rendered":"<p>[vc_row][vc_column][\/vc_column][\/vc_row][vc_row gap=&#8221;35&#8243;][vc_column][vc_empty_space height=&#8221;60px&#8221; alter_height=&#8221;large&#8221; hide_on_mobile=&#8221;&#8221;][\/vc_column][\/vc_row][vc_row][vc_column][vc_column_text] Propri\u00e9taire- et Instructor principal Direction [\/vc_column_text][\/vc_column][\/vc_row][vc_row][vc_column width=&#8221;1\/2&#8243;][vc_empty_space alter_height=&#8221;medium&#8221; hide_on_mobile=&#8221;&#8221;][vc_single_image image=&#8221;6160&#8243; img_size=&#8221;600&#215;800&#8243; style=&#8221;vc_box_rounded&#8221;][vc_column_text][\/vc_column_text][\/vc_column][vc_column width=&#8221;1\/2&#8243;][vc_empty_space alter_height=&#8221;medium&#8221; hide_on_mobile=&#8221;&#8221;][vc_column_text scheme=&#8221;dark&#8221;] Dominique Sigill\u00f2 8.Dan SKF Karat\u00e9-Do \ud83d\udd17 Entraineur dipl\u00f4m\u00e9 de l&#8217;\u00e9lite sportive Olympique Suisse Directeur d&#8217;\u00e9cole de sport avec brevet f\u00e9d\u00e9ral Professeur de karat\u00e9 avec brevet f\u00e9d\u00e9ral Expert J+S (Jeunesse + Sport) Expert sport pour enfants 5-9 ans Expert J+S&hellip;<\/p>\n","protected":false},"author":1,"featured_media":0,"parent":0,"menu_order":0,"comment_status":"closed","ping_status":"closed","template":"","meta":{"footnotes":""},"class_list":["post-7806","page","type-page","status-publish","hentry"],"_links":{"self":[{"href":"https:\/\/zenshin.ch\/fr\/wp-json\/wp\/v2\/pages\/7806","targetHints":{"allow":["GET"]}}],"collection":[{"href":"https:\/\/zenshin.ch\/fr\/wp-json\/wp\/v2\/pages"}],"about":[{"href":"https:\/\/zenshin.ch\/fr\/wp-json\/wp\/v2\/types\/page"}],"author":[{"embeddable":true,"href":"https:\/\/zenshin.ch\/fr\/wp-json\/wp\/v2\/users\/1"}],"replies":[{"embeddable":true,"href":"https:\/\/zenshin.ch\/fr\/wp-json\/wp\/v2\/comments?post=7806"}],"version-history":[{"count":27,"href":"https:\/\/zenshin.ch\/fr\/wp-json\/wp\/v2\/pages\/7806\/revisions"}],"predecessor-version":[{"id":10005,"href":"https:\/\/zenshin.ch\/fr\/wp-json\/wp\/v2\/pages\/7806\/revisions\/10005"}],"wp:attachment":[{"href":"https:\/\/zenshin.ch\/fr\/wp-json\/wp\/v2\/media?parent=7806"}],"curies":[{"name":"wp","href":"https:\/\/api.w.org\/{rel}","templated":true}]}}