

{"id":7182,"date":"2021-04-12T16:32:30","date_gmt":"2021-04-12T14:32:30","guid":{"rendered":"https:\/\/zenshin.aarbeta.ch\/index.php\/personal-training\/"},"modified":"2021-11-04T15:35:31","modified_gmt":"2021-11-04T13:35:31","slug":"personal-training","status":"publish","type":"page","link":"https:\/\/zenshin.ch\/fr\/personal-training\/","title":{"rendered":"Personal-Training"},"content":{"rendered":"<section class=\"wpb-content-wrapper\"><p>[vc_row][vc_column]\n\t\t\t<!-- START Personal Training REVOLUTION SLIDER 6.6.13 --><p class=\"rs-p-wp-fix\"><\/p>\n\t\t\t<rs-module-wrap id=\"rev_slider_12_1_wrapper\" data-source=\"gallery\" style=\"visibility:hidden;background:transparent;padding:0;margin:0px auto;margin-top:0;margin-bottom:0;\">\n\t\t\t\t<rs-module id=\"rev_slider_12_1\" style=\"\" data-version=\"6.6.13\">\n\t\t\t\t\t<rs-slides style=\"overflow: hidden; position: absolute;\">\n\t\t\t\t\t\t<rs-slide style=\"position: absolute;\" data-key=\"rs-91\" data-title=\"Slide\" data-thumb=\"\/\/zenshin.ch\/wp-content\/uploads\/2021\/04\/04_Personal_Training_29032021_9054-100x50.jpg\" data-anim=\"adpr:false;\" data-in=\"x:100%;\" data-out=\"a:false;\" data-alttrans=\"fade\">\n\t\t\t\t\t\t\t<img decoding=\"async\" src=\"\/\/zenshin.ch\/wp-content\/plugins\/revslider\/public\/assets\/assets\/dummy.png\" alt=\"\" title=\"ZEN SHIN Personal-Training\" width=\"2048\" height=\"1363\" class=\"rev-slidebg tp-rs-img rs-lazyload\" data-lazyload=\"\/\/zenshin.ch\/wp-content\/uploads\/2021\/04\/04_Personal_Training_29032021_9054.jpg\" data-bg=\"p:0% 20%;\" data-no-retina>\n<!---->\t\t\t\t\t\t<\/rs-slide>\n\t\t\t\t\t\t<rs-slide style=\"position: absolute;\" data-key=\"rs-90\" data-title=\"Slide\" data-thumb=\"\/\/zenshin.ch\/wp-content\/uploads\/2021\/04\/05_Personal_Training_29032021_9109-100x50.jpg\" data-anim=\"adpr:false;\" data-in=\"x:100%;\" data-out=\"a:false;\" data-alttrans=\"fade\">\n\t\t\t\t\t\t\t<img decoding=\"async\" src=\"\/\/zenshin.ch\/wp-content\/plugins\/revslider\/public\/assets\/assets\/dummy.png\" alt=\"\" title=\"ZEN SHIN Personal-Training\" width=\"2048\" height=\"1363\" class=\"rev-slidebg tp-rs-img rs-lazyload\" data-lazyload=\"\/\/zenshin.ch\/wp-content\/uploads\/2021\/04\/05_Personal_Training_29032021_9109.jpg\" data-bg=\"p:0% 35%;\" data-no-retina>\n<!---->\t\t\t\t\t\t<\/rs-slide>\n\t\t\t\t\t\t<rs-slide style=\"position: absolute;\" data-key=\"rs-89\" data-title=\"Slide\" data-thumb=\"\/\/zenshin.ch\/wp-content\/uploads\/2021\/04\/02_Personal_Training_29032021_9025-100x50.jpg\" data-anim=\"adpr:false;\" data-in=\"x:100%;\" data-out=\"a:false;\" data-alttrans=\"fade\">\n\t\t\t\t\t\t\t<img decoding=\"async\" src=\"\/\/zenshin.ch\/wp-content\/plugins\/revslider\/public\/assets\/assets\/dummy.png\" alt=\"\" title=\"ZEN SHIN Personal-Training\" width=\"2048\" height=\"1363\" class=\"rev-slidebg tp-rs-img rs-lazyload\" data-lazyload=\"\/\/zenshin.ch\/wp-content\/uploads\/2021\/04\/02_Personal_Training_29032021_9025.jpg\" data-bg=\"p:0% 35%;\" data-no-retina>\n<!---->\t\t\t\t\t\t<\/rs-slide>\n\t\t\t\t\t\t<rs-slide style=\"position: absolute;\" data-key=\"rs-92\" data-title=\"Slide\" data-thumb=\"\/\/zenshin.ch\/wp-content\/uploads\/2021\/04\/01_Personal_Training_29032021_9150-100x50.jpg\" data-anim=\"adpr:false;\" data-in=\"x:100%;\" data-out=\"a:false;\" data-alttrans=\"fade\">\n\t\t\t\t\t\t\t<img decoding=\"async\" src=\"\/\/zenshin.ch\/wp-content\/plugins\/revslider\/public\/assets\/assets\/dummy.png\" alt=\"\" title=\"ZEN SHIN Personal-Training\" width=\"2048\" height=\"1363\" class=\"rev-slidebg tp-rs-img rs-lazyload\" data-lazyload=\"\/\/zenshin.ch\/wp-content\/uploads\/2021\/04\/01_Personal_Training_29032021_9150.jpg\" data-bg=\"p:0% 25%;\" data-no-retina>\n<!---->\t\t\t\t\t\t<\/rs-slide>\n\t\t\t\t\t\t<rs-slide style=\"position: absolute;\" data-key=\"rs-93\" data-title=\"Slide\" data-thumb=\"\/\/zenshin.ch\/wp-content\/uploads\/2021\/04\/06_Personal_Training_29032021_9063-100x50.jpg\" data-anim=\"adpr:false;\" data-in=\"x:100%;\" data-out=\"a:false;\" data-alttrans=\"fade\">\n\t\t\t\t\t\t\t<img decoding=\"async\" src=\"\/\/zenshin.ch\/wp-content\/plugins\/revslider\/public\/assets\/assets\/dummy.png\" alt=\"\" title=\"ZEN SHIN Personal-Training\" width=\"2048\" height=\"1363\" class=\"rev-slidebg tp-rs-img rs-lazyload\" data-lazyload=\"\/\/zenshin.ch\/wp-content\/uploads\/2021\/04\/06_Personal_Training_29032021_9063.jpg\" data-bg=\"p:0% 60%;\" data-no-retina>\n<!---->\t\t\t\t\t\t<\/rs-slide>\n\t\t\t\t\t<\/rs-slides>\n\t\t\t\t\t<rs-static-layers><!--\n\t\t\t\t\t--><\/rs-static-layers>\n\t\t\t\t<\/rs-module>\n\t\t\t\t<script>\n\t\t\t\t\tsetREVStartSize({c: 'rev_slider_12_1',rl:[1240,1240,1240,480],el:[837,837,837,750],gw:[1920,1920,1920,1000],gh:[837,837,837,750],type:'standard',justify:'',layout:'fullwidth',mh:\"0\"});if (window.RS_MODULES!==undefined && window.RS_MODULES.modules!==undefined && window.RS_MODULES.modules[\"revslider121\"]!==undefined) {window.RS_MODULES.modules[\"revslider121\"].once = false;window.revapi12 = undefined;if (window.RS_MODULES.checkMinimal!==undefined) window.RS_MODULES.checkMinimal()}\n\t\t\t\t<\/script>\n\t\t\t<\/rs-module-wrap>\n\t\t\t<!-- END REVOLUTION SLIDER -->\n[\/vc_column][\/vc_row][vc_row gap=&#8221;35&#8243;][vc_column][vc_empty_space height=&#8221;60px&#8221; hide_on_mobile=&#8221;&#8221;][\/vc_column][\/vc_row][vc_row full_width=&#8221;stretch_row&#8221; css=&#8221;.vc_custom_1613740253700{padding-top: 7em !important;padding-bottom: 9em !important;background-position: center !important;background-repeat: no-repeat !important;background-size: cover !important;}&#8221;][vc_column][vc_column_text]<\/p>\n<h6 class=\"trx_addons_no_margins\"><\/h6>\n<h2 class=\"trx_addons_no_margins\">PERSONAL-Training<\/h2>\n<p>Ensemble, nous mettrons en place votre programme d&#8217;entra\u00eenement personnel, adapt\u00e9 \u00e0 vos besoins et objectifs individuels.<\/p>\n<p>&#8211; Entra\u00eenement technique de Karat\u00e9-Do, Taiji-Quan &amp; Qi-Gong, Kick-Boxing, Krav-Maga Self-D\u00e9fense, etc.<br \/>\n&#8211; Pr\u00e9paration aux examens de karat\u00e9-do, kick-boxing, krav-maga self-d\u00e9fense<br \/>\n&#8211; Entra\u00eenement de pr\u00e9paration \u00e0 la comp\u00e9tition pour le karat\u00e9-do et le kick-boxing<br \/>\n&#8211; entra\u00eenement de fitness<br \/>\n&#8211; Entra\u00eenement avanc\u00e9<br \/>\n&#8211; Formation alternative<\/p>\n<p>Vous d\u00e9terminez le lieu de formation &#8211; que ce soit dans le ZEN SHIN &#8211; \u00e0 votre domicile &#8211; dans l&#8217;entreprise &#8211; ou dans un lieu de votre choix.<br \/>\n&#8211; Horaires et tarifs des formations sur rendez-vous<\/p>\n<p>Vous avez des questions ou vous souhaitez en savoir plus ?<br \/>\n<strong>Pour\u00a0plus d\u2019informations, veuillez nous contacter au\u00a0032 342 46 57 ou via notre formulaire de contact.<\/strong><\/p>\n<p><strong>Cordialement, votre \u00e9quipe ZEN SHIN<\/strong>[\/vc_column_text][\/vc_column][\/vc_row][vc_row gap=&#8221;35&#8243;][vc_column][vc_empty_space height=&#8221;60px&#8221; hide_on_mobile=&#8221;&#8221;][\/vc_column][\/vc_row][vc_row][vc_column][vc_column_text]<\/p>\n<h5>Instructeurs<\/h5>\n<p>[\/vc_column_text][vc_empty_space hide_on_mobile=&#8221;&#8221;][\/vc_column][\/vc_row][vc_row scheme=&#8221;dark&#8221;][vc_column]<div id=\"awsm-team-7396\" class=\"awsm-grid-wrapper\">\n\t\t\n\t<div class=\"awsm-modal\">\n\t\t\t<div class=\"awsm-grid-modal awsm-grid modal-style style-1 grid-4-col \">\n\t\t\t\t\t\t<div id=\"awsm-member-7396-8892\" class=\"awsm-grid-card awsm-team-item awsm-scale-anm awsm-all\">\n\t\t\t\t\t<span id=\"tigger-style-7396-8892\" class=\"awsm-team-link-control awsm-modal-trigger awsm-modal-trigger-8892\" data-trigger=\"#modal-style-7396-8892\">\n\t\t\t\t\t\t<figure>\n\t\t\t\t\t\t\t<img loading=\"lazy\" decoding=\"async\" width=\"440\" height=\"587\" src=\"https:\/\/zenshin.ch\/wp-content\/uploads\/2021\/08\/ZEN_SHIN_Dominique_Sigillo_Portrait_Personal-Training-440x587.jpg\" class=\"attachment-awsm_team size-awsm_team wp-post-image\" alt=\"\" \/>\t\t\t\t\t\t\t<figcaption>\n\t\t\t\t\t\t\t\t<div class=\"awsm-personal-info\"><span>Instructeur en chef Personal-Training &amp; Fitness<\/span><h3>Dominique Sigill\u00f2<\/h3><\/div>\t\t\t\t\t\t\t<\/figcaption>\n\t\t\t\t\t\t<\/figure>\n\t\t\t\t\t<\/span>\n\t\t\t\t<\/div>\n\t\t\t\t\t\t\t<div id=\"awsm-member-7396-8457\" class=\"awsm-grid-card awsm-team-item awsm-scale-anm awsm-all\">\n\t\t\t\t\t<span id=\"tigger-style-7396-8457\" class=\"awsm-team-link-control awsm-modal-trigger awsm-modal-trigger-8457\" data-trigger=\"#modal-style-7396-8457\">\n\t\t\t\t\t\t<figure>\n\t\t\t\t\t\t\t<img loading=\"lazy\" decoding=\"async\" width=\"440\" height=\"587\" src=\"https:\/\/zenshin.ch\/wp-content\/uploads\/2021\/04\/02_Instruktoren_Michelle_Saner_Karate-scaled.jpg\" class=\"attachment-awsm_team size-awsm_team wp-post-image\" alt=\"\" \/>\t\t\t\t\t\t\t<figcaption>\n\t\t\t\t\t\t\t\t<div class=\"awsm-personal-info\"><span>6. Dan Karat\u00e9-Do SKF<\/span><h3>Michelle Saner<\/h3><\/div>\t\t\t\t\t\t\t<\/figcaption>\n\t\t\t\t\t\t<\/figure>\n\t\t\t\t\t<\/span>\n\t\t\t\t<\/div>\n\t\t\t\t\t<\/div>\n\t\t<div class=\"awsm-modal-items modal-style style-1 grid-4-col \">\n\t\t\t<span class=\"awsm-team-link-control awsm-modal-close\"><\/span>\n\t\t\t<div class=\"awsm-modal-items-main\">\n\t\t\t\t<span class=\"awsm-team-link-control awsm-nav-item awsm-nav-left\"><\/span>\n\t\t\t\t\t<div id=\"modal-style-7396-8892\" class=\"awsm-modal-item awsm-scale-anm awsm-modal-hidden awsm-all \" data-info=\"8892\">\n\t<div id=\"awsm-member-info-7396-8892\" class=\"awsm-modal-content\">\n\t\t<div class=\"awsm-modal-content-main\">\n\t\t\t<div class=\"awsm-image-main\">\n\t\t\t\t<img loading=\"lazy\" decoding=\"async\" width=\"440\" height=\"587\" src=\"https:\/\/zenshin.ch\/wp-content\/uploads\/2021\/08\/ZEN_SHIN_Dominique_Sigillo_Portrait_Personal-Training-440x587.jpg\" class=\"attachment-awsm_team size-awsm_team wp-post-image\" alt=\"\" \/>\t\t\t<\/div>\n\t\t\t<div class=\"awsm-modal-details\">\n\t\t\t\t<div class=\"awsm-modal-content-inner\">\n\t\t\t\t\t<h3>Instructeur en chef Personal-Training &amp; Fitness<\/h3><h2>Dominique Sigill\u00f2<\/h2>\t\t\t\t<\/div>\n\t\t\t<\/div>\n\t\t<\/div>\n\t<\/div>\n<\/div>\n<div id=\"modal-style-7396-8457\" class=\"awsm-modal-item awsm-scale-anm awsm-modal-hidden awsm-all \" data-info=\"8457\">\n\t<div id=\"awsm-member-info-7396-8457\" class=\"awsm-modal-content\">\n\t\t<div class=\"awsm-modal-content-main\">\n\t\t\t<div class=\"awsm-image-main\">\n\t\t\t\t<img loading=\"lazy\" decoding=\"async\" width=\"440\" height=\"587\" src=\"https:\/\/zenshin.ch\/wp-content\/uploads\/2021\/04\/02_Instruktoren_Michelle_Saner_Karate-scaled.jpg\" class=\"attachment-awsm_team size-awsm_team wp-post-image\" alt=\"\" \/>\t\t\t<\/div>\n\t\t\t<div class=\"awsm-modal-details\">\n\t\t\t\t<div class=\"awsm-modal-content-inner\">\n\t\t\t\t\t<h3>6. Dan Karat\u00e9-Do SKF<\/h3><h2>Michelle Saner<\/h2><p>Karat\u00e9 depuis 1985<br \/>\nEntra\u00eeneur de Karat\u00e9-Do pour enfants, adolescents et adultes<br \/>\nEntra\u00eeneur Kata SKU section Squad 2009-2012<br \/>\nEntra\u00eeneur national Kata SKF depuis 2012<br \/>\nEntra\u00eeneur de l&#8217;\u00e9quipe junior Kata base r\u00e9gion Bienne<\/p>\n<p>Membre de la Commission Sportive SKU<br \/>\nEntra\u00eeneur aux sports de comp\u00e9tition avec dipl\u00f4me f\u00e9d\u00e9ral Qualification olympique suisse<br \/>\nProfesseur de karat\u00e9 avec brevet f\u00e9d\u00e9ral<br \/>\nJ + S expert karat\u00e9 sport jeunesse<br \/>\nFormateur J&amp;S<\/p>\n<p>Profession : Kin\u00e9sith\u00e9rapeute<\/p>\n\t\t\t\t<\/div>\n\t\t\t<\/div>\n\t\t<\/div>\n\t<\/div>\n<\/div>\n\t\t\t\t<span class=\"awsm-team-link-control awsm-nav-item awsm-nav-right\"><\/span>\n\t\t\t   <\/div>\n\t\t<\/div>\n\t\t<\/div>\n<\/div>\n[\/vc_column][\/vc_row][vc_row full_width=&#8221;stretch_row_content_no_spaces&#8221; gap=&#8221;35&#8243;][vc_column][vc_empty_space height=&#8221;60px&#8221; hide_on_mobile=&#8221;&#8221;][\/vc_column][\/vc_row][vc_row full_width=&#8221;stretch_row_content_no_spaces&#8221;][vc_column][vc_empty_space height=&#8221;5px&#8221; alter_height=&#8221;none&#8221; hide_on_mobile=&#8221;&#8221; css=&#8221;.vc_custom_1628059660604{background-color: #e5553f !important;}&#8221;][\/vc_column][\/vc_row]<\/p>\n<\/section>","protected":false},"excerpt":{"rendered":"<p>[vc_row][vc_column][\/vc_column][\/vc_row][vc_row gap=&#8221;35&#8243;][vc_column][vc_empty_space height=&#8221;60px&#8221; hide_on_mobile=&#8221;&#8221;][\/vc_column][\/vc_row][vc_row full_width=&#8221;stretch_row&#8221; css=&#8221;.vc_custom_1613740253700{padding-top: 7em !important;padding-bottom: 9em !important;background-position: center !important;background-repeat: no-repeat !important;background-size: cover !important;}&#8221;][vc_column][vc_column_text] PERSONAL-Training Ensemble, nous mettrons en place votre programme d&#8217;entra\u00eenement personnel, adapt\u00e9 \u00e0 vos besoins et objectifs individuels. &#8211; Entra\u00eenement technique de Karat\u00e9-Do, Taiji-Quan &amp; Qi-Gong, Kick-Boxing, Krav-Maga Self-D\u00e9fense, etc. &#8211; Pr\u00e9paration aux examens de karat\u00e9-do, kick-boxing, krav-maga self-d\u00e9fense &#8211; Entra\u00eenement de pr\u00e9paration \u00e0 la&hellip;<\/p>\n","protected":false},"author":1,"featured_media":0,"parent":0,"menu_order":0,"comment_status":"closed","ping_status":"closed","template":"","meta":{"footnotes":""},"class_list":["post-7182","page","type-page","status-publish","hentry"],"_links":{"self":[{"href":"https:\/\/zenshin.ch\/fr\/wp-json\/wp\/v2\/pages\/7182","targetHints":{"allow":["GET"]}}],"collection":[{"href":"https:\/\/zenshin.ch\/fr\/wp-json\/wp\/v2\/pages"}],"about":[{"href":"https:\/\/zenshin.ch\/fr\/wp-json\/wp\/v2\/types\/page"}],"author":[{"embeddable":true,"href":"https:\/\/zenshin.ch\/fr\/wp-json\/wp\/v2\/users\/1"}],"replies":[{"embeddable":true,"href":"https:\/\/zenshin.ch\/fr\/wp-json\/wp\/v2\/comments?post=7182"}],"version-history":[{"count":9,"href":"https:\/\/zenshin.ch\/fr\/wp-json\/wp\/v2\/pages\/7182\/revisions"}],"predecessor-version":[{"id":8978,"href":"https:\/\/zenshin.ch\/fr\/wp-json\/wp\/v2\/pages\/7182\/revisions\/8978"}],"wp:attachment":[{"href":"https:\/\/zenshin.ch\/fr\/wp-json\/wp\/v2\/media?parent=7182"}],"curies":[{"name":"wp","href":"https:\/\/api.w.org\/{rel}","templated":true}]}}